{"id":29528,"date":"2016-07-11T11:39:39","date_gmt":"2016-07-11T09:39:39","guid":{"rendered":"http:\/\/mk2films.com\/en\/contact\/"},"modified":"2025-10-14T11:36:22","modified_gmt":"2025-10-14T09:36:22","slug":"contact","status":"publish","type":"page","link":"https:\/\/mk2films.com\/en\/contact\/","title":{"rendered":"Contact"},"content":{"rendered":"<p>mk2 Films is a Paris-based sales agent, producer and distributor, curating cinema that matters. From the Palme d\u2019Or-winners\u00a0<em>It was Just An Accident<\/em>\u00a0by Jafar Panahi and<em> Anatomy of a Fall<\/em> by Justine Triet, to\u00a0<em>Sentimental Value<\/em>\u00a0by Joachim Trier,\u00a0<em>Portrait of a Lady on Fire\u00a0<\/em>by Celine Sciamma, and\u00a0<em>Cold War\u00a0<\/em>by Pawe\u0142 Pawlikowski, mk2 Films champions bold, visionary storytelling.<\/p>\n<p>Founded in 1974, mk2 Films is a home for auteurs \u2014 both established and emerging \u2014 whose work speaks to the present with artistry, clarity, and conviction.<\/p>\n<p>A collection of over 1,000 titles forms a singular body of fiction, animation, and documentary, bringing together the timeless and the trailblazing: from Charlie Chaplin, Fran\u00e7ois Truffaut, and Agn\u00e8s Varda, to Krzysztof Kie\u015blowski, Abbas Kiarostami and David Lynch. Many of these works have been meticulously restored, preserving the power and beauty of cinema across generations. The collection traces a lineage from the earliest pioneers of the medium \u2014 Alice Guy-Blach\u00e9, D.W. Griffith \u2014 through Buster Keaton, Jacques Demy, and Claude Lanzmann, to some of today\u2019s most vital contemporary voices, including Xavier Dolan, Bruno Dumont, Leos Carax and Jia Zhang-Ke.<\/p>\n<p>&nbsp;<\/p>\n","protected":false},"excerpt":{"rendered":"<p>mk2 Films is a Paris-based sales agent, producer and distributor, curating cinema that matters. From the Palme d\u2019Or-winners\u00a0It was Just An Accident\u00a0by Jafar Panahi and Anatomy of a Fall by Justine Triet, to\u00a0Sentimental Value\u00a0by Joachim Trier,\u00a0Portrait of a Lady on Fire\u00a0by Celine Sciamma, and\u00a0Cold War\u00a0by Pawe\u0142 Pawlikowski, mk2 Films champions bold, visionary storytelling. Founded in [&hellip;]<\/p>\n","protected":false},"author":25,"featured_media":0,"parent":0,"menu_order":0,"comment_status":"closed","ping_status":"closed","template":"page-contact.php","meta":{"_acf_changed":false,"footnotes":""},"class_list":["post-29528","page","type-page","status-publish","hentry"],"acf":[],"yoast_head":"<!-- This site is optimized with the Yoast SEO plugin v27.4 - https:\/\/yoast.com\/product\/yoast-seo-wordpress\/ -->\n<title>Contact - mk2 Films<\/title>\n<meta name=\"robots\" content=\"index, follow, max-snippet:-1, max-image-preview:large, max-video-preview:-1\" \/>\n<link rel=\"canonical\" href=\"https:\/\/mk2films.com\/en\/contact\/\" \/>\n<meta property=\"og:locale\" content=\"en_US\" \/>\n<meta property=\"og:type\" content=\"article\" \/>\n<meta property=\"og:title\" content=\"Contact - mk2 Films\" \/>\n<meta property=\"og:description\" content=\"mk2 Films is a Paris-based sales agent, producer and distributor, curating cinema that matters. From the Palme d\u2019Or-winners\u00a0It was Just An Accident\u00a0by Jafar Panahi and Anatomy of a Fall by Justine Triet, to\u00a0Sentimental Value\u00a0by Joachim Trier,\u00a0Portrait of a Lady on Fire\u00a0by Celine Sciamma, and\u00a0Cold War\u00a0by Pawe\u0142 Pawlikowski, mk2 Films champions bold, visionary storytelling. Founded in [&hellip;]\" \/>\n<meta property=\"og:url\" content=\"https:\/\/mk2films.com\/en\/contact\/\" \/>\n<meta property=\"og:site_name\" content=\"mk2 Films\" \/>\n<meta property=\"article:modified_time\" content=\"2025-10-14T09:36:22+00:00\" \/>\n<meta name=\"twitter:card\" content=\"summary_large_image\" \/>\n<meta name=\"twitter:label1\" content=\"Est. reading time\" \/>\n\t<meta name=\"twitter:data1\" content=\"1 minute\" \/>\n<script type=\"application\/ld+json\" class=\"yoast-schema-graph\">{\"@context\":\"https:\\\/\\\/schema.org\",\"@graph\":[{\"@type\":\"WebPage\",\"@id\":\"https:\\\/\\\/mk2films.com\\\/en\\\/contact\\\/\",\"url\":\"https:\\\/\\\/mk2films.com\\\/en\\\/contact\\\/\",\"name\":\"Contact - mk2 Films\",\"isPartOf\":{\"@id\":\"https:\\\/\\\/mk2films.com\\\/#website\"},\"datePublished\":\"2016-07-11T09:39:39+00:00\",\"dateModified\":\"2025-10-14T09:36:22+00:00\",\"breadcrumb\":{\"@id\":\"https:\\\/\\\/mk2films.com\\\/en\\\/contact\\\/#breadcrumb\"},\"inLanguage\":\"en-US\",\"potentialAction\":[{\"@type\":\"ReadAction\",\"target\":[\"https:\\\/\\\/mk2films.com\\\/en\\\/contact\\\/\"]}]},{\"@type\":\"BreadcrumbList\",\"@id\":\"https:\\\/\\\/mk2films.com\\\/en\\\/contact\\\/#breadcrumb\",\"itemListElement\":[{\"@type\":\"ListItem\",\"position\":1,\"name\":\"Accueil\",\"item\":\"https:\\\/\\\/mk2films.com\\\/en\\\/\"},{\"@type\":\"ListItem\",\"position\":2,\"name\":\"Contact\"}]},{\"@type\":\"WebSite\",\"@id\":\"https:\\\/\\\/mk2films.com\\\/#website\",\"url\":\"https:\\\/\\\/mk2films.com\\\/\",\"name\":\"mk2 Films\",\"description\":\"\",\"potentialAction\":[{\"@type\":\"SearchAction\",\"target\":{\"@type\":\"EntryPoint\",\"urlTemplate\":\"https:\\\/\\\/mk2films.com\\\/?s={search_term_string}\"},\"query-input\":{\"@type\":\"PropertyValueSpecification\",\"valueRequired\":true,\"valueName\":\"search_term_string\"}}],\"inLanguage\":\"en-US\"}]}<\/script>\n<!-- \/ Yoast SEO plugin. -->","yoast_head_json":{"title":"Contact - mk2 Films","robots":{"index":"index","follow":"follow","max-snippet":"max-snippet:-1","max-image-preview":"max-image-preview:large","max-video-preview":"max-video-preview:-1"},"canonical":"https:\/\/mk2films.com\/en\/contact\/","og_locale":"en_US","og_type":"article","og_title":"Contact - mk2 Films","og_description":"mk2 Films is a Paris-based sales agent, producer and distributor, curating cinema that matters. From the Palme d\u2019Or-winners\u00a0It was Just An Accident\u00a0by Jafar Panahi and Anatomy of a Fall by Justine Triet, to\u00a0Sentimental Value\u00a0by Joachim Trier,\u00a0Portrait of a Lady on Fire\u00a0by Celine Sciamma, and\u00a0Cold War\u00a0by Pawe\u0142 Pawlikowski, mk2 Films champions bold, visionary storytelling. Founded in [&hellip;]","og_url":"https:\/\/mk2films.com\/en\/contact\/","og_site_name":"mk2 Films","article_modified_time":"2025-10-14T09:36:22+00:00","twitter_card":"summary_large_image","twitter_misc":{"Est. reading time":"1 minute"},"schema":{"@context":"https:\/\/schema.org","@graph":[{"@type":"WebPage","@id":"https:\/\/mk2films.com\/en\/contact\/","url":"https:\/\/mk2films.com\/en\/contact\/","name":"Contact - mk2 Films","isPartOf":{"@id":"https:\/\/mk2films.com\/#website"},"datePublished":"2016-07-11T09:39:39+00:00","dateModified":"2025-10-14T09:36:22+00:00","breadcrumb":{"@id":"https:\/\/mk2films.com\/en\/contact\/#breadcrumb"},"inLanguage":"en-US","potentialAction":[{"@type":"ReadAction","target":["https:\/\/mk2films.com\/en\/contact\/"]}]},{"@type":"BreadcrumbList","@id":"https:\/\/mk2films.com\/en\/contact\/#breadcrumb","itemListElement":[{"@type":"ListItem","position":1,"name":"Accueil","item":"https:\/\/mk2films.com\/en\/"},{"@type":"ListItem","position":2,"name":"Contact"}]},{"@type":"WebSite","@id":"https:\/\/mk2films.com\/#website","url":"https:\/\/mk2films.com\/","name":"mk2 Films","description":"","potentialAction":[{"@type":"SearchAction","target":{"@type":"EntryPoint","urlTemplate":"https:\/\/mk2films.com\/?s={search_term_string}"},"query-input":{"@type":"PropertyValueSpecification","valueRequired":true,"valueName":"search_term_string"}}],"inLanguage":"en-US"}]}},"_links":{"self":[{"href":"https:\/\/mk2films.com\/en\/wp-json\/wp\/v2\/pages\/29528","targetHints":{"allow":["GET"]}}],"collection":[{"href":"https:\/\/mk2films.com\/en\/wp-json\/wp\/v2\/pages"}],"about":[{"href":"https:\/\/mk2films.com\/en\/wp-json\/wp\/v2\/types\/page"}],"author":[{"embeddable":true,"href":"https:\/\/mk2films.com\/en\/wp-json\/wp\/v2\/users\/25"}],"replies":[{"embeddable":true,"href":"https:\/\/mk2films.com\/en\/wp-json\/wp\/v2\/comments?post=29528"}],"version-history":[{"count":18,"href":"https:\/\/mk2films.com\/en\/wp-json\/wp\/v2\/pages\/29528\/revisions"}],"predecessor-version":[{"id":58435,"href":"https:\/\/mk2films.com\/en\/wp-json\/wp\/v2\/pages\/29528\/revisions\/58435"}],"wp:attachment":[{"href":"https:\/\/mk2films.com\/en\/wp-json\/wp\/v2\/media?parent=29528"}],"curies":[{"name":"wp","href":"https:\/\/api.w.org\/{rel}","templated":true}]}}